{"id":9,"date":"2017-11-12T19:11:02","date_gmt":"2017-11-12T19:11:02","guid":{"rendered":"https:\/\/zyciefaceta.warszawa.pl\/?page_id=9"},"modified":"2025-02-24T14:20:16","modified_gmt":"2025-02-24T14:20:16","slug":"kontakt","status":"publish","type":"page","link":"https:\/\/zyciefaceta.iproste.pl\/?page_id=9","title":{"rendered":"Kontakt"},"content":{"rendered":"<p>Masz pytanie? Pomys\u0142, a mo\u017ce jak\u0105\u015b uwag\u0119 do mojego blogu, chcesz si\u0119 na nim zareklamowa\u0107? Skontaktuj si\u0119 z Agencj\u0105 Reklamow\u0105\u00a0 korzystaj\u0105c z poni\u017cszego linku. Klikni\u0119cie w link spowoduje przekierowania do skrzynki nadawczej programu pocztowego z wpisanym adresem odbiorczym Agencji Reklamowej<\/p>\n<p>Aktualna skrzynka b\u0119dzie podana w najbli\u017cszej przysz\u0142o\u015bci<\/p>\n\n\n<p><\/p>\n","protected":false},"excerpt":{"rendered":"<p>Masz pytanie? Pomys\u0142, a mo\u017ce jak\u0105\u015b uwag\u0119 do mojego blogu, chcesz si\u0119 na nim zareklamowa\u0107? Skontaktuj si\u0119 z Agencj\u0105 Reklamow\u0105\u00a0 korzystaj\u0105c z poni\u017cszego linku. Klikni\u0119cie w link spowoduje przekierowania do skrzynki nadawczej programu pocztowego z<a class=\"read-more\" href=\"https:\/\/zyciefaceta.iproste.pl\/?page_id=9\">Continue reading<\/a><\/p>\n","protected":false},"author":1,"featured_media":0,"parent":0,"menu_order":4,"comment_status":"closed","ping_status":"closed","template":"","meta":{"footnotes":""},"class_list":["post-9","page","type-page","status-publish","hentry"],"aioseo_notices":[],"_links":{"self":[{"href":"https:\/\/zyciefaceta.iproste.pl\/index.php?rest_route=\/wp\/v2\/pages\/9","targetHints":{"allow":["GET"]}}],"collection":[{"href":"https:\/\/zyciefaceta.iproste.pl\/index.php?rest_route=\/wp\/v2\/pages"}],"about":[{"href":"https:\/\/zyciefaceta.iproste.pl\/index.php?rest_route=\/wp\/v2\/types\/page"}],"author":[{"embeddable":true,"href":"https:\/\/zyciefaceta.iproste.pl\/index.php?rest_route=\/wp\/v2\/users\/1"}],"replies":[{"embeddable":true,"href":"https:\/\/zyciefaceta.iproste.pl\/index.php?rest_route=%2Fwp%2Fv2%2Fcomments&post=9"}],"version-history":[{"count":8,"href":"https:\/\/zyciefaceta.iproste.pl\/index.php?rest_route=\/wp\/v2\/pages\/9\/revisions"}],"predecessor-version":[{"id":323,"href":"https:\/\/zyciefaceta.iproste.pl\/index.php?rest_route=\/wp\/v2\/pages\/9\/revisions\/323"}],"wp:attachment":[{"href":"https:\/\/zyciefaceta.iproste.pl\/index.php?rest_route=%2Fwp%2Fv2%2Fmedia&parent=9"}],"curies":[{"name":"wp","href":"https:\/\/api.w.org\/{rel}","templated":true}]}}