{"id":8,"date":"2017-11-12T19:11:02","date_gmt":"2017-11-12T19:11:02","guid":{"rendered":"https:\/\/zyciefaceta.warszawa.pl\/?page_id=8"},"modified":"2019-11-08T21:08:47","modified_gmt":"2019-11-08T21:08:47","slug":"polecam","status":"publish","type":"page","link":"https:\/\/zyciefaceta.iproste.pl\/?page_id=8","title":{"rendered":"Polecam"},"content":{"rendered":"<p>Na niniejszej stronie b\u0119d\u0119 publikowa\u0142 informacje dotycz\u0105ce stron internetowych wartych odwiedzenia, jak i mo\u017ce konkretnych produkt\u00f3w. Jednak w przypadku tych drugich, pami\u0119tajcie, \u017ce moja ocena jest subiektywna i to, \u017ce mi dany przedmiot odpowiada, wcale nie oznacza, \u017ce musi on odpowiada\u0107 ka\u017cdemu.<\/p>\n","protected":false},"excerpt":{"rendered":"<p>Na niniejszej stronie b\u0119d\u0119 publikowa\u0142 informacje dotycz\u0105ce stron internetowych wartych odwiedzenia, jak i mo\u017ce konkretnych produkt\u00f3w. Jednak w przypadku tych drugich, pami\u0119tajcie, \u017ce moja ocena jest subiektywna i to, \u017ce mi dany przedmiot odpowiada, wcale<a class=\"read-more\" href=\"https:\/\/zyciefaceta.iproste.pl\/?page_id=8\">Continue reading<\/a><\/p>\n","protected":false},"author":1,"featured_media":0,"parent":0,"menu_order":3,"comment_status":"closed","ping_status":"closed","template":"","meta":{"footnotes":""},"class_list":["post-8","page","type-page","status-publish","hentry"],"aioseo_notices":[],"_links":{"self":[{"href":"https:\/\/zyciefaceta.iproste.pl\/index.php?rest_route=\/wp\/v2\/pages\/8","targetHints":{"allow":["GET"]}}],"collection":[{"href":"https:\/\/zyciefaceta.iproste.pl\/index.php?rest_route=\/wp\/v2\/pages"}],"about":[{"href":"https:\/\/zyciefaceta.iproste.pl\/index.php?rest_route=\/wp\/v2\/types\/page"}],"author":[{"embeddable":true,"href":"https:\/\/zyciefaceta.iproste.pl\/index.php?rest_route=\/wp\/v2\/users\/1"}],"replies":[{"embeddable":true,"href":"https:\/\/zyciefaceta.iproste.pl\/index.php?rest_route=%2Fwp%2Fv2%2Fcomments&post=8"}],"version-history":[{"count":4,"href":"https:\/\/zyciefaceta.iproste.pl\/index.php?rest_route=\/wp\/v2\/pages\/8\/revisions"}],"predecessor-version":[{"id":55,"href":"https:\/\/zyciefaceta.iproste.pl\/index.php?rest_route=\/wp\/v2\/pages\/8\/revisions\/55"}],"wp:attachment":[{"href":"https:\/\/zyciefaceta.iproste.pl\/index.php?rest_route=%2Fwp%2Fv2%2Fmedia&parent=8"}],"curies":[{"name":"wp","href":"https:\/\/api.w.org\/{rel}","templated":true}]}}