{"id":7,"date":"2017-11-12T19:11:02","date_gmt":"2017-11-12T19:11:02","guid":{"rendered":"https:\/\/zyciefaceta.warszawa.pl\/?page_id=7"},"modified":"2019-11-08T21:10:05","modified_gmt":"2019-11-08T21:10:05","slug":"strona-glowna","status":"publish","type":"page","link":"https:\/\/zyciefaceta.iproste.pl\/","title":{"rendered":"Strona g\u0142\u00f3wna"},"content":{"rendered":"<p>Hej!<\/p>\n<p>Serdecznie dzi\u0119kuj\u0119 za odwiedzenie mojego blogu. Mam na imi\u0119 Marcin i licz\u0119, ze tematy poruszane na blogu spowoduj\u0105, \u017ce nie b\u0119dzie to jednorazowa wizyta. Jak wi\u0119kszo\u015b\u0107 facet\u00f3w interesuj\u0119 si\u0119 sportem, cho\u0107 sam nie uprawia\u0142em \u017cadnego wyczynowo, cho\u0107 mam te\u017c i nietypowe zainteresowanie, bo lubi\u0119&#8230;. gotowa\u0107 i piec&#8230; Obecnie mog\u0119 siebie okre\u015bli\u0107 jako typ domatora, kt\u00f3ry ma zwariowane pomys\u0142y (r\u00f3wnie\u017c kulinarne), jak i lubi dobr\u0105 lektur\u0119 i muzyk\u0119. Od d\u0142u\u017cszego czasu zastanawia\u0142em si\u0119 nad tym by zacz\u0105\u0107 publikowa\u0107 swoje przemy\u015blenia na blogu, jednak zawsze brakowa\u0142o czasu. A wychodz\u0119 z za\u0142o\u017cenia,&nbsp; \u017ce albo co\u015b robi\u0107 porz\u0105dnie, albo wcale.<\/p>\n<p>Je\u017celi chodzi o tematy jakie b\u0119d\u0119 porusza\u0142 w swoich wpisach, to nie b\u0119d\u0119 si\u0119 ogranicza\u0142 do jednej grupy tematycznej. Je\u017celi spodziewacie si\u0119 blogu np tylko o sporcie, to musz\u0119 Was rozczarowa\u0107. Owszem, tak jak napisa\u0142em wcze\u015bniej interesuj\u0119 si\u0119 sportem i b\u0119d\u0105 okresy, gdzie b\u0119dzie to temat przewodni w danym okresie, np gdy b\u0119d\u0105 rozgrywane jakie\u015b wa\u017cne imprezy sportowe o du\u017cym znaczeniu dla reprezentacji Polski (i nie chodzi mi tylko o pi\u0142k\u0119 no\u017cn\u0105). Na pewno nie b\u0119dzie to temat przewodni, mo\u017ce bardziej okresowy. Ponadto b\u0119dzie mo\u017cna u mnie znale\u017a\u0107 wpisy dotycz\u0105ce kulinari\u00f3w, aktualnej sytuacji w Polsce i na \u015bwiecie, jak i przemy\u015blenia odnosz\u0105ce si\u0119 do danych wydarze\u0144. Pewnie od czasu do czasu wspomn\u0119 co\u015b o dobrej ksi\u0105\u017cce czy filmie lub p\u0142ycie. Mo\u017ce o jakim\u015b udanym zakupie? Wszystko jak to mawia\u0142 m\u00f3j \u015b.p. dziadek wyjdzie w praniu&#8230; W ka\u017cdym razie, jedno co mog\u0119 obieca\u0107, \u017ce same wpisy b\u0119d\u0105 regularne. Minimum jeden tygodniowo i odpowiednio skatalogowane pod wzgl\u0119dem dopasowania do kategorii. Wi\u0119c je\u017celi kto\u015b b\u0119dzie zainteresowany tematami z dziedziny sport to b\u0119dzie musia\u0142 tylko klikn\u0105\u0107 odpowiednia zak\u0142adk\u0119, a nie przekopywa\u0107 si\u0119 przez ka\u017cdy wpis.<\/p>\n<p>Dzi\u0119kuj\u0119 za po\u015bwi\u0119con\u0105 mi uwag\u0119 i zapraszam ponownie.<\/p>\n","protected":false},"excerpt":{"rendered":"<p>Hej! Serdecznie dzi\u0119kuj\u0119 za odwiedzenie mojego blogu. Mam na imi\u0119 Marcin i licz\u0119, ze tematy poruszane na blogu spowoduj\u0105, \u017ce nie b\u0119dzie to jednorazowa wizyta. Jak wi\u0119kszo\u015b\u0107 facet\u00f3w interesuj\u0119 si\u0119 sportem, cho\u0107 sam nie uprawia\u0142em<a class=\"read-more\" href=\"https:\/\/zyciefaceta.iproste.pl\/\">Continue reading<\/a><\/p>\n","protected":false},"author":1,"featured_media":0,"parent":0,"menu_order":0,"comment_status":"closed","ping_status":"closed","template":"","meta":{"footnotes":""},"class_list":["post-7","page","type-page","status-publish","hentry"],"aioseo_notices":[],"_links":{"self":[{"href":"https:\/\/zyciefaceta.iproste.pl\/index.php?rest_route=\/wp\/v2\/pages\/7","targetHints":{"allow":["GET"]}}],"collection":[{"href":"https:\/\/zyciefaceta.iproste.pl\/index.php?rest_route=\/wp\/v2\/pages"}],"about":[{"href":"https:\/\/zyciefaceta.iproste.pl\/index.php?rest_route=\/wp\/v2\/types\/page"}],"author":[{"embeddable":true,"href":"https:\/\/zyciefaceta.iproste.pl\/index.php?rest_route=\/wp\/v2\/users\/1"}],"replies":[{"embeddable":true,"href":"https:\/\/zyciefaceta.iproste.pl\/index.php?rest_route=%2Fwp%2Fv2%2Fcomments&post=7"}],"version-history":[{"count":3,"href":"https:\/\/zyciefaceta.iproste.pl\/index.php?rest_route=\/wp\/v2\/pages\/7\/revisions"}],"predecessor-version":[{"id":214,"href":"https:\/\/zyciefaceta.iproste.pl\/index.php?rest_route=\/wp\/v2\/pages\/7\/revisions\/214"}],"wp:attachment":[{"href":"https:\/\/zyciefaceta.iproste.pl\/index.php?rest_route=%2Fwp%2Fv2%2Fmedia&parent=7"}],"curies":[{"name":"wp","href":"https:\/\/api.w.org\/{rel}","templated":true}]}}