{"id":181,"date":"2018-06-11T09:55:14","date_gmt":"2018-06-11T09:55:14","guid":{"rendered":"https:\/\/zyciefaceta.warszawa.pl\/?page_id=181"},"modified":"2025-02-24T14:25:49","modified_gmt":"2025-02-24T14:25:49","slug":"regulamin","status":"publish","type":"page","link":"https:\/\/zyciefaceta.iproste.pl\/?page_id=181","title":{"rendered":"Regulamin"},"content":{"rendered":"<div class=\"entry-content\">\n<div class=\"entry-content\">\n<p><strong>Regulamin<\/strong><\/p>\n<p><strong>Zach\u0119camy r\u00f3wnocze\u015bnie do zaznajomienia si\u0119 z nasz\u0105 <a href=\"http:\/\/ztciefaceta.waw.pl\/polityka-prywatnosci\/\" target=\"_blank\" rel=\"noopener noreferrer\">polityk\u0105 prywatno\u015bci<\/a> pod wzgl\u0119dem przetwarzania danych osobowych naszych u\u017cytkownik\u00f3w<br \/><\/strong><\/p>\n<p>Regulamin dotyczy funkcjonowania witryny <a href=\"https:\/\/zyciefaceta.iproste.pl\" target=\"_blank\" rel=\"noopener noreferrer\">zyciefaceta.iproste.pl<\/a><\/p>\n<p>W\u0142a\u015bcicielem marki <a href=\"https:\/\/zyciefaceta.iproste.pl\" target=\"_blank\" rel=\"noopener noreferrer\">zyciefaceta.iproste.pl<\/a> jest osoba prywatna, natomiast administracj\u0105 serwisu, wszelkimi sprawami dotycz\u0105cymi reklam zajmuje si\u0119 Agencja Reklamowa Eronet sp z o.o. z siedzib\u0105 w Poznaniu.<\/p>\n<p>W celu uproszczenia regulaminu zastosowano w nim nast\u0119puj\u0105ce okre\u015blenia:<\/p>\n<p>\u2013<strong>nasza domena<\/strong> \u2013 (z zachowaniem poprawno\u015bci gramatycznej i odmiany) oznacza odniesienie do domeny <a href=\"https:\/\/zyciefaceta.iproste.pl\" target=\"_blank\" rel=\"noopener noreferrer\">zyciefaceta.iproste.pl<\/a><\/p>\n<p>\u2013<strong>klient<\/strong> \u2013 podmiot fizyczny b\u0105d\u017a prawny, bez wzgl\u0119du czy prowadzi dzia\u0142alno\u015b\u0107 gospodarcz\u0105 czy nie, kt\u00f3ry dokona\u0142 jakiegokolwiek wpisu komentarza na <strong>naszej domenie<\/strong> , w jakiejkolwiek postaci.<\/p>\n<p>\u2013<strong>komentarz<\/strong> \u2013 tre\u015b\u0107 dodana pod konkretnym wpisem na blogu, odnosz\u0105ca si\u0119 do jego tre\u015bci, podlegaj\u0105ca moderacji przed publikacj\u0105 w ramach serwisu <strong>naszej domeny.\u00a0<\/strong><\/p>\n<p>\u2013<strong>link<\/strong> \u2013 s\u0142owo lub grupa s\u0142\u00f3w, pod kt\u00f3r\u0105 jest dodany adres internetowy powoduj\u0105cy przekierowanie na domen\u0119 internetow\u0105. Bez znaczenia jest czy jest to domena reklamowana czy nie. Jako link traktowane s\u0105 te\u017c wszelkie adresy e-mail<\/p>\n<p>1\/Regulamin wchodzi w \u017cycie z chwil\u0105 opublikowania na <strong>naszej domenie<\/strong>. W przypadku zmian w regulaminie, wprowadzenie ich wymaga r\u00f3wnie\u017c publikacji. Obowi\u0105zuje zawsze najnowsza wersja regulaminu (wraz z wprowadzonymi zmianami).<\/p>\n<p>2\/W\u0142a\u015bcicielem serwisu jest osoba fizyczna, natomiast jego administracja zosta\u0142a powierzona sp\u00f3\u0142ce Eronet\u00a0 z siedzib\u0105 w Poznaniu. Kontakt do administratora:<br \/>poczta elektroniczna &#8211; kontakt mo\u017cliwy poprzez dane zawarte na podstronie <a title=\"Kontakt\" href=\"https:\/\/zyciefaceta.iproste.pl\/kontakt\/\">kontakt<\/a><br \/>poczta tradycyjna<br \/>Eronet sp. z o.o.<br \/>skrytka pocztowa nr 9 UP Kostrzyn Wielkopolski<br \/>ul. Dworcowa 11 62-025 Kostrzyn<\/p>\n<p>3\/ Celem <i><b>naszego serwisu<\/b><\/i> jest publikacja przemy\u015ble\u0144 jego autora<\/p>\n<p>4\/Na t\u0119 chwile nie przewiduje si\u0119 mo\u017cliwo\u015bci rejestracji kont na blogu.<\/p>\n<p>5\/Autor blogu jak i jego administrator, nie ponosz\u0105 odpowiedzialno\u015bci za publikowane komentarze, b\u0119d\u0105 dok\u0142adali wszelkiej staranno\u015bci, by poprzez odpowiedni\u0105 moderacj\u0119 nie dopu\u015bci\u0107 do publikacji tre\u015bci niezgodnych z prawem, nie mniej nie maj\u0105 mo\u017cliwo\u015bci sprawdzania komentarzy pod wzgl\u0119dem praw autorskich. W przypadku ich naruszenia, podmiotem odpowiedzialnym, wobec kt\u00f3rego nale\u017cy wysuwa\u0107 \u017c\u0105dania jest autor danego komentarza<\/p>\n<p>6\/Bezwzgl\u0119dnie b\u0119d\u0105 odrzucane podczas moderacji komentarze dotycz\u0105ce:<\/p>\n<p>-szerzenia nienawi\u015bci rasowej, religijnej itp<\/p>\n<p>-propagowania ideologii faszystowskiej, nazistowskiej oraz komunistycznej pod ka\u017cd\u0105 postaci\u0105<\/p>\n<p>-tre\u015bci erotycznych i godz\u0105cych w sfer\u0119 intymn\u0105 , budz\u0105cych w\u0105tpliwo\u015b\u0107 co do ich legalno\u015bci zar\u00f3wno pod wzgl\u0119dem charakteru materia\u0142\u00f3w, sposobie ich zdobycia, a w szczeg\u00f3lno\u015bci wieku<\/p>\n<p>-mechanizm\u00f3w, kt\u00f3rych jedynym celem jest wy\u0142udzenie danych<\/p>\n<p>-propaguj\u0105cych, publikuj\u0105cych lub sprzedaj\u0105cych nielegalne oprogramowanie, muzyk\u0119, filmu jak i produkty og\u00f3lnie zwanymi \u201epodr\u00f3bkami\u201d<\/p>\n<p>-publikacji godz\u0105cych w dobra os\u00f3b trzecich jak i firm (na zasadzie uwa\u017cajcie na tego czy tego pracodawc\u0119 etc)<\/p>\n<p>7\/W zwi\u0105zku ze zmianami w prawie odno\u015bcie przetwarzania danych osobowych, cze\u015b\u0107 integraln\u0105 regulaminu stanowi polityka prywatno\u015bci. Tam znajduj\u0105 si\u0119 wszelkie wymagane informacji odno\u015bcie zbierania i zasad przetwarzania danych osobowych.<\/p>\n<p>8\/U\u017cytkownik <i><b> naszego serwisu <\/b><\/i>ma w ka\u017cdej chwili prawo do wgl\u0105du i edycji swoich danych osobowych jak i \u017c\u0105dania zaprzestania ich przetwarzania, jak i ich usuni\u0119cia (za wyj\u0105tkiem sytuacji, gdy ich usuni\u0119cie nie jest mo\u017cliwe ze wzgl\u0119du na inne przepisy prawne, kt\u00f3re zobowi\u0105zuj\u0105 Administratora Serwisu do ich zachowania (np. informacje potrzebne do wystawienia faktury za wykonan\u0105 us\u0142ug\u0119 i ich przetwarzanie oraz zachowanie zgodnie z wymogami wynikaj\u0105cymi z przepis\u00f3w podatkowych, informacje dotycz\u0105ce zakresu wykonania us\u0142ugi i ich powi\u0105zanie z konkretnym zleceniem w celu ochrony praw administratora przed pr\u00f3b\u0105 ewentualnego wy\u0142udzenia odszkodowania za us\u0142ug\u0119 wykonan\u0105 nie zgodnie z zam\u00f3wieniem itp.). Wszelkie informacje w zakresie obowi\u0105zuj\u0105cego prawa udzielane s\u0105 poprzez wys\u0142anie odpowiednich formularzy korzystaj\u0105c ze strony \u201eKontakt\u201d lub w tradycyjnej formie papierowej wys\u0142anej na adres r\u00f3wnie\u017c podany na stronie \u201eKontakt\u201d<\/p>\n<p>9\/Strona informacyjna przed wej\u015bciem do serwisu tzw. intro z informacjami dotycz\u0105cymi naszej polityki prywatno\u015bci wy\u015bwietla si\u0119 jeden raz na konkretn\u0105 sesj\u0119.<\/p>\n<p>10\/W sprawach nieunormowanych niniejszym regulaminem maj\u0105 zastosowanie odpowiednie przepisy Kodeksu Cywilnego<\/p>\n<p>11\/W sprawach spornych wymagaj\u0105cych rozstrzygni\u0119cia s\u0105dowego, S\u0105dem miejscowym dla rozstrzygania danego sporu jest S\u0105d miejscowy dla w\u0142a\u015bciciela serwisu.<\/p>\n<p>12\/Obowi\u0105zuj\u0105c\u0105 wersj\u0105 regulaminu jest zawsze jego najnowsza wersja. Dopisanie punktu, b\u0105d\u017a edycja istniej\u0105cego automatycznie anuluje jego poprzednie wersje w zakresie w jakim nast\u0105pi\u0142o dopisanie lub edycja.<\/p>\n<\/div>\n<\/div>\n\n\n<p><\/p>\n","protected":false},"excerpt":{"rendered":"<p>Regulamin Zach\u0119camy r\u00f3wnocze\u015bnie do zaznajomienia si\u0119 z nasz\u0105 polityk\u0105 prywatno\u015bci pod wzgl\u0119dem przetwarzania danych osobowych naszych u\u017cytkownik\u00f3w Regulamin dotyczy funkcjonowania witryny zyciefaceta.iproste.pl W\u0142a\u015bcicielem marki zyciefaceta.iproste.pl jest osoba prywatna, natomiast administracj\u0105 serwisu, wszelkimi sprawami dotycz\u0105cymi reklam<a class=\"read-more\" href=\"https:\/\/zyciefaceta.iproste.pl\/?page_id=181\">Continue reading<\/a><\/p>\n","protected":false},"author":1,"featured_media":0,"parent":0,"menu_order":8,"comment_status":"closed","ping_status":"closed","template":"","meta":{"footnotes":""},"class_list":["post-181","page","type-page","status-publish","hentry"],"aioseo_notices":[],"_links":{"self":[{"href":"https:\/\/zyciefaceta.iproste.pl\/index.php?rest_route=\/wp\/v2\/pages\/181","targetHints":{"allow":["GET"]}}],"collection":[{"href":"https:\/\/zyciefaceta.iproste.pl\/index.php?rest_route=\/wp\/v2\/pages"}],"about":[{"href":"https:\/\/zyciefaceta.iproste.pl\/index.php?rest_route=\/wp\/v2\/types\/page"}],"author":[{"embeddable":true,"href":"https:\/\/zyciefaceta.iproste.pl\/index.php?rest_route=\/wp\/v2\/users\/1"}],"replies":[{"embeddable":true,"href":"https:\/\/zyciefaceta.iproste.pl\/index.php?rest_route=%2Fwp%2Fv2%2Fcomments&post=181"}],"version-history":[{"count":7,"href":"https:\/\/zyciefaceta.iproste.pl\/index.php?rest_route=\/wp\/v2\/pages\/181\/revisions"}],"predecessor-version":[{"id":329,"href":"https:\/\/zyciefaceta.iproste.pl\/index.php?rest_route=\/wp\/v2\/pages\/181\/revisions\/329"}],"wp:attachment":[{"href":"https:\/\/zyciefaceta.iproste.pl\/index.php?rest_route=%2Fwp%2Fv2%2Fmedia&parent=181"}],"curies":[{"name":"wp","href":"https:\/\/api.w.org\/{rel}","templated":true}]}}